{"id":17,"date":"2025-01-19T15:18:51","date_gmt":"2025-01-19T15:18:51","guid":{"rendered":"https:\/\/olsztyn.szkolawiary.dominikanie.pl\/?page_id=17"},"modified":"2025-04-20T12:22:43","modified_gmt":"2025-04-20T12:22:43","slug":"o-szkole","status":"publish","type":"page","link":"https:\/\/olsztyn.szkolawiary.dominikanie.pl\/","title":{"rendered":"O szkole"},"content":{"rendered":"\n<p>Dominika\u0144ska Szko\u0142a Wiary to inicjatywa powo\u0142ana przez ojc\u00f3w dominikan\u00f3w przy klasztorach dominika\u0144skich w Polsce. Ich zamys\u0142em by\u0142o wyj\u015bcie do sympatyk\u00f3w duchowo\u015bci dominika\u0144skiej oraz szerzenie jej &#8222;zawsze, wsz\u0119dzie i na wszelkie sposoby&#8221;. Z czasem, w spos\u00f3b naturalny DSW istniej\u0105ce przy klasztorach przekszta\u0142ci\u0142y si\u0119 w inne aktywno\u015bci. <\/p>\n\n\n\n<p>W Olsztynie inicjatyw\u0119 DSW podj\u0119\u0142y dwie osoby, prywatnie ma\u0142\u017ce\u0144stwo, ale te\u017c \u015bwieccy dominikanie. Spotkania b\u0119d\u0105 odbywa\u0142y si\u0119 raz w miesi\u0105cu &#8211; w <strong>3 \u015brod\u0119 miesi\u0105ca<\/strong> w <strong>Centrum \u015aw. Jakuba, przy ul. Pieni\u0119\u017cnego 2<\/strong>. Wyk\u0142ady s\u0105 otwarte, darmowe, nie ma zapis\u00f3w, listy obecno\u015bci, zobowi\u0105za\u0144. Chcesz pozna\u0107 duchowo\u015b\u0107 dominika\u0144sk\u0105? Przyjd\u017a!<\/p>\n\n\n\n<p>W ramach DSW b\u0119d\u0105 odbywa\u0142y si\u0119 r\u00f3wnie\u017c <strong>&#8222;Spotkania przy ksi\u0105\u017cce&#8221;<\/strong>. Kiedy? <strong>4 \u015broda miesi\u0105ca<\/strong>. Naszymi go\u015b\u0107mi b\u0119d\u0105 autorzy ksi\u0105\u017cek &#8211; osoby duchowne i \u015bwieckie. Ufamy, \u017ce spotkanie przy ksi\u0105\u017cce b\u0119dzie mo\u017cliwo\u015bci\u0105 do rozmowy na tematy wa\u017cne, potrzebne.<\/p>\n\n\n\n<p>Szczeg\u00f3\u0142owy plan spotkania b\u0119dzie udost\u0119pniany w social mediach DSW. Aby by\u0107 na bierz\u0105co zach\u0119camy do obserwowania profili DSW na platformach FB <a href=\"https:\/\/www.facebook.com\/home.php\" data-type=\"page\" data-id=\"84\">tutaj<\/a> IG <a href=\"https:\/\/www.instagram.com\/\" data-type=\"page\" data-id=\"85\">tutaj<\/a><\/p>\n\n\n\n<p>Je\u015bli jeste\u015b ciekawy kim s\u0105 \u015bwieccy dominikanie, to po wi\u0119cej informacji wejd\u017a <a href=\"https:\/\/swieccy.dominikanie.pl\/\" data-type=\"page\" data-id=\"83\">tutaj<\/a><\/p>\n\n\n\n<p><\/p>\n","protected":false},"excerpt":{"rendered":"<p>Dominika\u0144ska Szko\u0142a Wiary to inicjatywa powo\u0142ana przez ojc\u00f3w dominikan\u00f3w przy klasztorach dominika\u0144skich w Polsce. Ich zamys\u0142em by\u0142o wyj\u015bcie do sympatyk\u00f3w duchowo\u015bci dominika\u0144skiej oraz szerzenie jej &#8222;zawsze, wsz\u0119dzie i na wszelkie sposoby&#8221;. Z czasem, w spos\u00f3b naturalny DSW istniej\u0105ce przy klasztorach przekszta\u0142ci\u0142y si\u0119 w inne aktywno\u015bci. W Olsztynie inicjatyw\u0119 DSW podj\u0119\u0142y dwie osoby, prywatnie ma\u0142\u017ce\u0144stwo, ale [&hellip;]<\/p>\n","protected":false},"author":3,"featured_media":0,"parent":0,"menu_order":0,"comment_status":"closed","ping_status":"closed","template":"","meta":{"footnotes":""},"class_list":["post-17","page","type-page","status-publish","hentry","entry"],"_links":{"self":[{"href":"https:\/\/olsztyn.szkolawiary.dominikanie.pl\/index.php\/wp-json\/wp\/v2\/pages\/17","targetHints":{"allow":["GET"]}}],"collection":[{"href":"https:\/\/olsztyn.szkolawiary.dominikanie.pl\/index.php\/wp-json\/wp\/v2\/pages"}],"about":[{"href":"https:\/\/olsztyn.szkolawiary.dominikanie.pl\/index.php\/wp-json\/wp\/v2\/types\/page"}],"author":[{"embeddable":true,"href":"https:\/\/olsztyn.szkolawiary.dominikanie.pl\/index.php\/wp-json\/wp\/v2\/users\/3"}],"replies":[{"embeddable":true,"href":"https:\/\/olsztyn.szkolawiary.dominikanie.pl\/index.php\/wp-json\/wp\/v2\/comments?post=17"}],"version-history":[{"count":6,"href":"https:\/\/olsztyn.szkolawiary.dominikanie.pl\/index.php\/wp-json\/wp\/v2\/pages\/17\/revisions"}],"predecessor-version":[{"id":252,"href":"https:\/\/olsztyn.szkolawiary.dominikanie.pl\/index.php\/wp-json\/wp\/v2\/pages\/17\/revisions\/252"}],"wp:attachment":[{"href":"https:\/\/olsztyn.szkolawiary.dominikanie.pl\/index.php\/wp-json\/wp\/v2\/media?parent=17"}],"curies":[{"name":"wp","href":"https:\/\/api.w.org\/{rel}","templated":true}]}}