{"id":19,"date":"2025-01-19T15:18:51","date_gmt":"2025-01-19T15:18:51","guid":{"rendered":"https:\/\/olsztyn.szkolawiary.dominikanie.pl\/?page_id=19"},"modified":"2026-03-17T16:45:17","modified_gmt":"2026-03-17T16:45:17","slug":"spotkania","status":"publish","type":"page","link":"https:\/\/olsztyn.szkolawiary.dominikanie.pl\/index.php\/spotkania\/","title":{"rendered":"Plan spotka\u0144"},"content":{"rendered":"\n<p><strong>10 maja 2025<\/strong> &#8211; Dominikanie czyli kto? &#8211; \u0141ukasz Wi\u015bniewski OP &#8211; Wyk\u0142ad inauguracyjny<\/p>\n\n\n\n<p><strong>11 czerwca 2025<\/strong> &#8211; Micha\u0142 Osek OP &#8211; Dominika\u0144skie powo\u0142anie os\u00f3b \u015bwieckich w Ko\u015bciele na przyk\u0142adzie \u017cycia Anny i W\u0142odzimierza Abrikosowych.<\/p>\n\n\n\n<p><\/p>\n\n\n\n<p><strong>2025\/2026<\/strong><\/p>\n\n\n\n<p class=\"has-text-align-left\"><strong>09 pa\u017adziernika 2025<\/strong> &#8211; Spotkanie z Magdalen\u0105 Dobrzyniak oraz Tomaszem Francem OP &#8211; autorami ksi\u0105zki &#8222;Bezbronni doro\u015bli w ko\u015bciele&#8221; (cykl: Spotkania przy ksi\u0105\u017cce)<\/p>\n\n\n\n<p><strong>15 pa\u017adziernika 2025<\/strong> &#8211; Marcin Rutecki OP &#8211; R\u00f3\u017caniec drog\u0105 mi\u0142o\u015bci.<\/p>\n\n\n\n<p><strong>26 listopada 2025<\/strong> &#8211; Spotkanie z Paw\u0142em Kozackim OP autorem ksi\u0105\u017cki &#8222;Przygoda mojego \u017cycia. Wywiad z bp Miko\u0142ajem \u0141uczokiem OP. Wys\u0142ucha\u0142 Pawe\u0142 Kozacki OP&#8221; (cykl: Spotkania przy ksi\u0105\u017cce)<\/p>\n\n\n\n<p><strong>17 grudnia 2025<\/strong> &#8211; Pawe\u0142 Lasek OP &#8211; Jak dobrze si\u0119 spowiada\u0107? Mi\u0119dzy rutyn\u0105 a spotkaniem z Bogiem.<\/p>\n\n\n\n<p><strong>21 stycznia 2026<\/strong> &#8211; Pawe\u0142 Koniarek OP &#8211; Konsekwencje Wcielenia od poniedzia\u0142ku do niedzieli.<\/p>\n\n\n\n<p><strong>25 lutego 2026<\/strong> &#8211; Dawid Ko\u0142odziejczyk OP &#8211; Jak modli\u0107 si\u0119 Eucharysti\u0105?<\/p>\n\n\n\n<p><strong>18 marca 2026<\/strong> &#8211; Rados\u0142aw Broniek OP &#8211; Magia. Pomi\u0119dzy zabobonem a zagro\u017ceniem duchowym.<\/p>\n\n\n\n<p><strong>15 kwietnia 2026<\/strong> &#8211; Adam Sulikowski OP &#8211; \u015awi\u0119ci dominika\u0144scy jako mistrzowie \u017cycia: od \u015bw. Dominika po wsp\u00f3\u0142czesnych \u015bwiadk\u00f3w<\/p>\n\n\n\n<p><strong>22 kwietnia 2026<\/strong> &#8211; dr hab. Aleksander Ba\u0144ka, prof. U\u015a &#8211; <\/p>\n\n\n\n<p><strong>20 maja 2026<\/strong> &#8211; Roman Bielecki OP &#8211; Przeszkody w \u017cyciu duchowym<\/p>\n\n\n\n<p><strong>17 czerwca 2026<\/strong> &#8211; <\/p>\n\n\n\n<p><\/p>\n\n\n\n<p><\/p>\n\n\n\n<p><strong>2026\/2027<\/strong><\/p>\n\n\n\n<p class=\"has-text-align-left\"><strong>16 wrze\u015bnia 2026<\/strong> &#8211; <\/p>\n\n\n\n<p><strong>21 pa\u017adziernika 2026<\/strong> &#8211; Maciej Biskup OP<\/p>\n\n\n\n<p><strong>18 listopada 2026<\/strong> &#8211; Micha\u0142 Laskowski OP <\/p>\n\n\n\n<p><strong>16 grudnia 2026<\/strong> &#8211; <\/p>\n\n\n\n<p><strong>20 stycznia 2027 <\/strong> &#8211; Marcin Rutecki OP<\/p>\n\n\n\n<p><strong>17 lutego 2027<\/strong> &#8211; Szymon Pop\u0142awski OP<\/p>\n\n\n\n<p><strong>17 marca 2027<\/strong> &#8211; <\/p>\n\n\n\n<p><strong>21 kwietnia 202<\/strong>7 &#8211; Adam Szustak OP <\/p>\n\n\n\n<p><strong>19 maja 2027<\/strong> &#8211; \u0141ukasz Mi\u015bko OP<\/p>\n\n\n\n<p><strong>16 czerwca 2027 <\/strong>&#8211; Pawe\u0142 Kozacki OP<\/p>\n\n\n\n<p><\/p>\n\n\n\n<p><\/p>\n","protected":false},"excerpt":{"rendered":"<p>10 maja 2025 &#8211; Dominikanie czyli kto? &#8211; \u0141ukasz Wi\u015bniewski OP &#8211; Wyk\u0142ad inauguracyjny 11 czerwca 2025 &#8211; Micha\u0142 Osek OP &#8211; Dominika\u0144skie powo\u0142anie os\u00f3b \u015bwieckich w Ko\u015bciele na przyk\u0142adzie \u017cycia Anny i W\u0142odzimierza Abrikosowych. 2025\/2026 09 pa\u017adziernika 2025 &#8211; Spotkanie z Magdalen\u0105 Dobrzyniak oraz Tomaszem Francem OP &#8211; autorami ksi\u0105zki &#8222;Bezbronni doro\u015bli w ko\u015bciele&#8221; [&hellip;]<\/p>\n","protected":false},"author":3,"featured_media":0,"parent":0,"menu_order":0,"comment_status":"closed","ping_status":"closed","template":"","meta":{"footnotes":""},"class_list":["post-19","page","type-page","status-publish","hentry","entry"],"_links":{"self":[{"href":"https:\/\/olsztyn.szkolawiary.dominikanie.pl\/index.php\/wp-json\/wp\/v2\/pages\/19","targetHints":{"allow":["GET"]}}],"collection":[{"href":"https:\/\/olsztyn.szkolawiary.dominikanie.pl\/index.php\/wp-json\/wp\/v2\/pages"}],"about":[{"href":"https:\/\/olsztyn.szkolawiary.dominikanie.pl\/index.php\/wp-json\/wp\/v2\/types\/page"}],"author":[{"embeddable":true,"href":"https:\/\/olsztyn.szkolawiary.dominikanie.pl\/index.php\/wp-json\/wp\/v2\/users\/3"}],"replies":[{"embeddable":true,"href":"https:\/\/olsztyn.szkolawiary.dominikanie.pl\/index.php\/wp-json\/wp\/v2\/comments?post=19"}],"version-history":[{"count":26,"href":"https:\/\/olsztyn.szkolawiary.dominikanie.pl\/index.php\/wp-json\/wp\/v2\/pages\/19\/revisions"}],"predecessor-version":[{"id":346,"href":"https:\/\/olsztyn.szkolawiary.dominikanie.pl\/index.php\/wp-json\/wp\/v2\/pages\/19\/revisions\/346"}],"wp:attachment":[{"href":"https:\/\/olsztyn.szkolawiary.dominikanie.pl\/index.php\/wp-json\/wp\/v2\/media?parent=19"}],"curies":[{"name":"wp","href":"https:\/\/api.w.org\/{rel}","templated":true}]}}