{"id":20,"date":"2025-01-19T15:18:51","date_gmt":"2025-01-19T15:18:51","guid":{"rendered":"https:\/\/olsztyn.szkolawiary.dominikanie.pl\/?page_id=20"},"modified":"2025-03-26T13:39:08","modified_gmt":"2025-03-26T13:39:08","slug":"wykladowcy","status":"publish","type":"page","link":"https:\/\/olsztyn.szkolawiary.dominikanie.pl\/index.php\/wykladowcy\/","title":{"rendered":"Wyk\u0142adowcy"},"content":{"rendered":"\n<figure class=\"wp-block-image size-full is-resized\"><img decoding=\"async\" src=\"https:\/\/olsztyn.szkolawiary.dominikanie.pl\/wp-content\/uploads\/2025\/01\/LW-300x300-1.jpg\" alt=\"\" class=\"wp-image-62\" style=\"width:300px;height:auto\"\/><\/figure>\n\n\n\n<p><strong>\u0141ukasz Wi\u015bniewski OP<\/strong> &#8211; urodzony 17 lutego w 1984 r. w Pas\u0142\u0119ku \u2013 dominikanin, doktor teologii Uniwersytetu Fryburskiego, wyk\u0142adowca teologii dogmatycznej, od maja 2021 roku przeor Konwentu Tr\u00f3jcy \u015awi\u0119tej w Krakowie, od 29 stycznia 2022 roku prowincja\u0142 Polskiej Prowincji Dominikan\u00f3w.<\/p>\n\n\n\n<p>Do&nbsp;Zakonu Dominikan\u00f3w wst\u0105pi\u0142 w&nbsp;2003 roku. Pierwsze \u015bluby z\u0142o\u017cy\u0142 na&nbsp;r\u0119ce genera\u0142a Zakonu, o. Carlosa A. Aspiroza Costy OP na&nbsp;zako\u0144czenie Kapitu\u0142y Generalnej w&nbsp;Krakowie w&nbsp;2004 roku. W&nbsp;czasie formacji przez&nbsp;rok mieszka\u0142 w&nbsp;Dublinie, gdzie studiowa\u0142 z&nbsp;bra\u0107mi z&nbsp;Prowincji Irlandii.&nbsp;Profesj\u0119 solemn\u0105 z\u0142o\u017cy\u0142 19 kwietnia 2009 r. \u015awi\u0119cenia kap\u0142a\u0144skie przyj\u0105\u0142 21 maja&nbsp;2011 r. z&nbsp;r\u0105k \u015bp.&nbsp;kard. Franciszka Macharskiego.<\/p>\n\n\n\n<p>Po&nbsp;\u015bwi\u0119ceniach przez&nbsp;dwa lata mieszka\u0142 w&nbsp;Poznaniu, gdzie pracowa\u0142 w&nbsp;Wydawnictwie W drodze i&nbsp;by\u0142 duszpasterzem akademickim.<\/p>\n\n\n\n<p>W&nbsp;latach 2013-2019 kontynuowa\u0142 studia z&nbsp;teologii dogmatycznej we&nbsp;Fryburgu (Szwajcaria). By\u0142 asystentem prof.&nbsp;Beno\u00eet-Dominique\u2019a de&nbsp;la&nbsp;Soujeole OP. Pod&nbsp;jego kierunkiem napisa\u0142 i&nbsp;obroni\u0142&nbsp;<em>magna cum laude<\/em>&nbsp;dysertacj\u0119 doktorsk\u0105, zatytu\u0142owan\u0105&nbsp;<em>Eklezjalny instynkt wiary&nbsp;<\/em>(<em>Lumen gentium 12<\/em>,<em>&nbsp;Dei verbum 8<\/em>), kt\u00f3ra ukaza\u0142a si\u0119 po&nbsp;francusku nak\u0142adem&nbsp;Wydawnictwa Cerf.<\/p>\n\n\n\n<p>Od&nbsp;2020 roku mieszka\u0142 w&nbsp;Krakowie, gdzie przez&nbsp;kilka miesi\u0119cy by\u0142 submagistrem (wychowawc\u0105) braci student\u00f3w. 3 maja 2021 roku zosta\u0142 wybrany przeorem krakowskiego konwentu.<\/p>\n\n\n\n<p>Wyk\u0142adowca teologii dogmatycznej (eklezjologia, eschatologia) w&nbsp;Kolegium Filozoficzno-Teologicznym w&nbsp;Krakowie. Prowadzi tak\u017ce wyk\u0142ady w&nbsp;Dominika\u0144skim Studium Filozofii i&nbsp;Teologii w&nbsp;Krakowie oraz&nbsp;Studium Dominicanum w&nbsp;Warszawie.<\/p>\n\n\n\n<p>Publikuje w&nbsp;miesi\u0119czniku \u201eW drodze\u201d, stale wsp\u00f3\u0142pracuje z Wydawnictwem W drodze. Pos\u0142uguje si\u0119 czterema j\u0119zykami obcymi.<\/p>\n\n\n\n<p>\u017ar\u00f3d\u0142o: <a href=\"https:\/\/wdrodze.pl\/authors\/lukasz-wisniewski-op\/\">https:\/\/wdrodze.pl\/authors\/lukasz-wisniewski-op\/<\/a><\/p>\n\n\n\n<p><\/p>\n","protected":false},"excerpt":{"rendered":"<p>\u0141ukasz Wi\u015bniewski OP &#8211; urodzony 17 lutego w 1984 r. w Pas\u0142\u0119ku \u2013 dominikanin, doktor teologii Uniwersytetu Fryburskiego, wyk\u0142adowca teologii dogmatycznej, od maja 2021 roku przeor Konwentu Tr\u00f3jcy \u015awi\u0119tej w Krakowie, od 29 stycznia 2022 roku prowincja\u0142 Polskiej Prowincji Dominikan\u00f3w. Do&nbsp;Zakonu Dominikan\u00f3w wst\u0105pi\u0142 w&nbsp;2003 roku. Pierwsze \u015bluby z\u0142o\u017cy\u0142 na&nbsp;r\u0119ce genera\u0142a Zakonu, o. Carlosa A. Aspiroza [&hellip;]<\/p>\n","protected":false},"author":3,"featured_media":0,"parent":0,"menu_order":0,"comment_status":"closed","ping_status":"closed","template":"","meta":{"footnotes":""},"class_list":["post-20","page","type-page","status-publish","hentry","entry"],"_links":{"self":[{"href":"https:\/\/olsztyn.szkolawiary.dominikanie.pl\/index.php\/wp-json\/wp\/v2\/pages\/20","targetHints":{"allow":["GET"]}}],"collection":[{"href":"https:\/\/olsztyn.szkolawiary.dominikanie.pl\/index.php\/wp-json\/wp\/v2\/pages"}],"about":[{"href":"https:\/\/olsztyn.szkolawiary.dominikanie.pl\/index.php\/wp-json\/wp\/v2\/types\/page"}],"author":[{"embeddable":true,"href":"https:\/\/olsztyn.szkolawiary.dominikanie.pl\/index.php\/wp-json\/wp\/v2\/users\/3"}],"replies":[{"embeddable":true,"href":"https:\/\/olsztyn.szkolawiary.dominikanie.pl\/index.php\/wp-json\/wp\/v2\/comments?post=20"}],"version-history":[{"count":4,"href":"https:\/\/olsztyn.szkolawiary.dominikanie.pl\/index.php\/wp-json\/wp\/v2\/pages\/20\/revisions"}],"predecessor-version":[{"id":128,"href":"https:\/\/olsztyn.szkolawiary.dominikanie.pl\/index.php\/wp-json\/wp\/v2\/pages\/20\/revisions\/128"}],"wp:attachment":[{"href":"https:\/\/olsztyn.szkolawiary.dominikanie.pl\/index.php\/wp-json\/wp\/v2\/media?parent=20"}],"curies":[{"name":"wp","href":"https:\/\/api.w.org\/{rel}","templated":true}]}}