{"id":291,"date":"2025-10-18T21:05:46","date_gmt":"2025-10-18T21:05:46","guid":{"rendered":"https:\/\/olsztyn.szkolawiary.dominikanie.pl\/?page_id=291"},"modified":"2025-10-18T23:40:29","modified_gmt":"2025-10-18T23:40:29","slug":"nagrania","status":"publish","type":"page","link":"https:\/\/olsztyn.szkolawiary.dominikanie.pl\/index.php\/nagrania\/","title":{"rendered":"Nagrania"},"content":{"rendered":"\n<p>Wszystkie filmy z wyk\u0142ad\u00f3w b\u0119d\u0105 sukcesywnie dodawane na naszym kanale <a href=\"https:\/\/www.youtube.com\/channel\/UCfSxP9J3TCpQzC-eeN3pZAQ\" target=\"_blank\" rel=\"noreferrer noopener\">YouTube<\/a> <img decoding=\"async\" width=\"100\" height=\"70\" class=\"wp-image-312\" style=\"width: 100px;\" src=\"https:\/\/olsztyn.szkolawiary.dominikanie.pl\/wp-content\/uploads\/2025\/10\/330685-P9SESK-66.png\" alt=\"\" srcset=\"https:\/\/olsztyn.szkolawiary.dominikanie.pl\/wp-content\/uploads\/2025\/10\/330685-P9SESK-66.png 1182w, https:\/\/olsztyn.szkolawiary.dominikanie.pl\/wp-content\/uploads\/2025\/10\/330685-P9SESK-66-300x209.png 300w, https:\/\/olsztyn.szkolawiary.dominikanie.pl\/wp-content\/uploads\/2025\/10\/330685-P9SESK-66-1024x714.png 1024w, https:\/\/olsztyn.szkolawiary.dominikanie.pl\/wp-content\/uploads\/2025\/10\/330685-P9SESK-66-768x535.png 768w\" sizes=\"(max-width: 100px) 100vw, 100px\" \/><\/p>\n\n\n\n<p><strong>Nagrania g\u0142osowe wyk\u0142ad\u00f3w b\u0119d\u0105 zamieszczane poni\u017cej.<\/strong><\/p>\n\n\n\n<p>Dominika\u0144skie powo\u0142anie os\u00f3b \u015bwieckich w Ko\u015bciele na przyk\u0142adzie \u017cycia Anny i W\u0142odzimierza Abrikosowych. \u2013 prelegent: Micha\u0142 Osek OP<\/p>\n\n\n\n<figure class=\"wp-block-audio\"><audio controls src=\"https:\/\/olsztyn.szkolawiary.dominikanie.pl\/wp-content\/uploads\/2025\/10\/Michal-Osek-mp3cut.net_.mp3\"><\/audio><\/figure>\n\n\n\n<p><\/p>\n\n\n\n<p><\/p>\n\n\n\n<p><\/p>\n","protected":false},"excerpt":{"rendered":"<p>Wszystkie filmy z wyk\u0142ad\u00f3w b\u0119d\u0105 sukcesywnie dodawane na naszym kanale YouTube Nagrania g\u0142osowe wyk\u0142ad\u00f3w b\u0119d\u0105 zamieszczane poni\u017cej. Dominika\u0144skie powo\u0142anie os\u00f3b \u015bwieckich w Ko\u015bciele na przyk\u0142adzie \u017cycia Anny i W\u0142odzimierza Abrikosowych. \u2013 prelegent: Micha\u0142 Osek OP<\/p>\n","protected":false},"author":3,"featured_media":0,"parent":0,"menu_order":0,"comment_status":"closed","ping_status":"closed","template":"","meta":{"footnotes":""},"class_list":["post-291","page","type-page","status-publish","hentry","entry"],"_links":{"self":[{"href":"https:\/\/olsztyn.szkolawiary.dominikanie.pl\/index.php\/wp-json\/wp\/v2\/pages\/291","targetHints":{"allow":["GET"]}}],"collection":[{"href":"https:\/\/olsztyn.szkolawiary.dominikanie.pl\/index.php\/wp-json\/wp\/v2\/pages"}],"about":[{"href":"https:\/\/olsztyn.szkolawiary.dominikanie.pl\/index.php\/wp-json\/wp\/v2\/types\/page"}],"author":[{"embeddable":true,"href":"https:\/\/olsztyn.szkolawiary.dominikanie.pl\/index.php\/wp-json\/wp\/v2\/users\/3"}],"replies":[{"embeddable":true,"href":"https:\/\/olsztyn.szkolawiary.dominikanie.pl\/index.php\/wp-json\/wp\/v2\/comments?post=291"}],"version-history":[{"count":6,"href":"https:\/\/olsztyn.szkolawiary.dominikanie.pl\/index.php\/wp-json\/wp\/v2\/pages\/291\/revisions"}],"predecessor-version":[{"id":321,"href":"https:\/\/olsztyn.szkolawiary.dominikanie.pl\/index.php\/wp-json\/wp\/v2\/pages\/291\/revisions\/321"}],"wp:attachment":[{"href":"https:\/\/olsztyn.szkolawiary.dominikanie.pl\/index.php\/wp-json\/wp\/v2\/media?parent=291"}],"curies":[{"name":"wp","href":"https:\/\/api.w.org\/{rel}","templated":true}]}}