{"id":3,"date":"2024-12-04T08:24:30","date_gmt":"2024-12-04T08:24:30","guid":{"rendered":"http:\/\/instalatorwp671.dkonto.pl\/?page_id=3"},"modified":"2025-01-26T13:15:11","modified_gmt":"2025-01-26T13:15:11","slug":"privacy-policy","status":"publish","type":"page","link":"https:\/\/olsztyn.szkolawiary.dominikanie.pl\/index.php\/privacy-policy\/","title":{"rendered":"Polityka cookies"},"content":{"rendered":"\n<h3 class=\"wp-block-heading\">Pliki cookies (tzw. \u201eciasteczka\u201d) stanowi\u0105 dane informatyczne, w\u00a0szczeg\u00f3lno\u015bci pliki tekstowe, kt\u00f3re przechowywane s\u0105 w\u00a0urz\u0105dzeniu ko\u0144cowym U\u017cytkownika Serwisu i\u00a0przeznaczone s\u0105 do\u00a0korzystania ze\u00a0stron internetowych Serwisu. Cookies zazwyczaj zawieraj\u0105 nazw\u0119 strony internetowej, z\u00a0kt\u00f3rej\u00a0pochodz\u0105, czas przechowywania ich na\u00a0urz\u0105dzeniu ko\u0144cowym oraz\u00a0unikalny numer.<\/h3>\n\n\n\n<h3 class=\"wp-block-heading\">Podmiotem zamieszczaj\u0105cym na\u00a0urz\u0105dzeniu ko\u0144cowym U\u017cytkownika Serwisu pliki cookies oraz\u00a0uzyskuj\u0105cym do\u00a0nich dost\u0119p jest operator Polska Prowincja Zakonu Kaznodziejskiego (OO. Dominikan\u00f3w).<\/h3>\n\n\n\n<h3 class=\"wp-block-heading\">Pliki cookies wykorzystywane s\u0105 w\u00a0celu: a) dostosowania zawarto\u015bci stron internetowych Serwisu do\u00a0preferencji U\u017cytkownika oraz\u00a0optymalizacji korzystania ze\u00a0stron internetowych; w\u00a0szczeg\u00f3lno\u015bci pliki te pozwalaj\u0105 rozpozna\u0107 urz\u0105dzenie U\u017cytkownika Serwisu i\u00a0odpowiednio wy\u015bwietli\u0107 stron\u0119 internetow\u0105, dostosowan\u0105 do\u00a0jego indywidualnych potrzeb; b) tworzenia statystyk, kt\u00f3re pomagaj\u0105 zrozumie\u0107, w\u00a0jaki spos\u00f3b U\u017cytkownicy Serwisu korzystaj\u0105 ze\u00a0stron internetowych, co umo\u017cliwia ulepszanie ich struktury i\u00a0zawarto\u015bci; c) utrzymanie sesji U\u017cytkownika Serwisu (po\u00a0zalogowaniu), dzi\u0119ki kt\u00f3rej\u00a0U\u017cytkownik nie\u00a0musi na\u00a0ka\u017cdej podstronie Serwisu ponownie wpisywa\u0107 loginu i\u00a0has\u0142a;<\/h3>\n\n\n\n<h3 class=\"wp-block-heading\">W\u00a0ramach Serwisu stosowane s\u0105 dwa zasadnicze rodzaje plik\u00f3w cookies: \u201esesyjne\u201d (session cookies) oraz\u00a0\u201esta\u0142e\u201d (persistent cookies). Cookies \u201esesyjne\u201d s\u0105 plikami tymczasowymi, kt\u00f3re przechowywane s\u0105 w\u00a0urz\u0105dzeniu ko\u0144cowym U\u017cytkownika do\u00a0czasu wylogowania, opuszczenia strony internetowej lub wy\u0142\u0105czenia oprogramowania (przegl\u0105darki internetowej). \u201eSta\u0142e\u201d pliki cookies przechowywane s\u0105 w\u00a0urz\u0105dzeniu ko\u0144cowym U\u017cytkownika przez\u00a0czas okre\u015blony w\u00a0parametrach plik\u00f3w cookies lub do\u00a0czasu ich usuni\u0119cia przez\u00a0U\u017cytkownika.<\/h3>\n\n\n\n<h3 class=\"wp-block-heading\">W\u00a0ramach Serwisu stosowane s\u0105 nast\u0119puj\u0105ce rodzaje plik\u00f3w cookies:a) \u201eniezb\u0119dne\u201d pliki cookies, umo\u017cliwiaj\u0105ce korzystanie z\u00a0us\u0142ug dost\u0119pnych w\u00a0ramach Serwisu, np.\u00a0uwierzytelniaj\u0105ce pliki cookies wykorzystywane do\u00a0us\u0142ug wymagaj\u0105cych uwierzytelniania w\u00a0ramach Serwisu;b) pliki cookies s\u0142u\u017c\u0105ce do\u00a0zapewnienia bezpiecze\u0144stwa, np.\u00a0wykorzystywane do\u00a0wykrywania nadu\u017cy\u0107 w\u00a0zakresie uwierzytelniania w\u00a0ramach Serwisu;c) \u201ewydajno\u015bciowe\u201d pliki cookies, umo\u017cliwiaj\u0105ce zbieranie informacji o\u00a0sposobie korzystania ze\u00a0stron internetowych Serwisu;d) \u201efunkcjonalne\u201d pliki cookies, umo\u017cliwiaj\u0105ce \u201ezapami\u0119tanie\u201d wybranych przez\u00a0U\u017cytkownika ustawie\u0144 i\u00a0personalizacj\u0119 interfejsu U\u017cytkownika, np.\u00a0w\u00a0zakresie wybranego j\u0119zyka lub regionu, z\u00a0kt\u00f3rego\u00a0pochodzi U\u017cytkownik, rozmiaru czcionki, wygl\u0105du strony internetowej itp.;<\/h3>\n\n\n\n<h3 class=\"wp-block-heading\">W\u00a0wielu przypadkach oprogramowanie s\u0142u\u017c\u0105ce do\u00a0przegl\u0105dania stron internetowych (przegl\u0105darka internetowa) domy\u015blnie dopuszcza przechowywanie plik\u00f3w cookies w\u00a0urz\u0105dzeniu ko\u0144cowym U\u017cytkownika. U\u017cytkownicy Serwisu mog\u0105 dokona\u0107 w\u00a0ka\u017cdym czasie zmiany ustawie\u0144 dotycz\u0105cych plik\u00f3w cookies. Ustawienia te mog\u0105 zosta\u0107 zmienione w\u00a0szczeg\u00f3lno\u015bci w\u00a0taki spos\u00f3b, aby blokowa\u0107 automatyczn\u0105 obs\u0142ug\u0119 plik\u00f3w cookies w\u00a0ustawieniach przegl\u0105darki internetowej b\u0105d\u017a informowa\u0107 o\u00a0ich ka\u017cdorazowym zamieszczeniu w\u00a0urz\u0105dzeniu U\u017cytkownika Serwisu. Szczeg\u00f3\u0142owe informacje o\u00a0mo\u017cliwo\u015bci i\u00a0sposobach obs\u0142ugi plik\u00f3w cookies dost\u0119pne s\u0105 w\u00a0ustawieniach oprogramowania (przegl\u0105darki internetowej) np.:<br><a href=\"http:\/\/windows.microsoft.com\/pl-PL\/windows7\/How-to-manage-cookies-in-Internet-Explorer-9\" target=\"_blank\" rel=\"noreferrer noopener\">w\u00a0przegl\u0105darce Internet Explorer<\/a><br><a href=\"http:\/\/support.mozilla.org\/pl\/kb\/ciasteczka\" target=\"_blank\" rel=\"noreferrer noopener\">w\u00a0przegl\u0105darce Mozilla Firefox<\/a><br><a href=\"http:\/\/support.google.com\/chrome\/bin\/answer.py?hl=pl&amp;answer=95647\" target=\"_blank\" rel=\"noreferrer noopener\">w\u00a0przegl\u0105darce Chrome<\/a><br><a href=\"http:\/\/support.apple.com\/kb\/HT1677?viewlocale=pl_PL&amp;locale=pl_PL\" target=\"_blank\" rel=\"noreferrer noopener\">w\u00a0przegl\u0105darce Safari<\/a><br><a href=\"http:\/\/help.opera.com\/Linux\/9.22\/pl\/cookies.html\" target=\"_blank\" rel=\"noreferrer noopener\">w\u00a0przegl\u0105darce Opera<\/a><\/h3>\n\n\n\n<h2 class=\"wp-block-heading\">Operator Serwisu informuje, \u017ce\u00a0ograniczenia stosowania plik\u00f3w cookies mog\u0105 wp\u0142yn\u0105\u0107 na\u00a0niekt\u00f3re funkcjonalno\u015bci dost\u0119pne na\u00a0stronach internetowych Serwisu.<\/h2>\n\n\n\n<h2 class=\"wp-block-heading\">Pliki cookies zamieszczane w\u00a0urz\u0105dzeniu ko\u0144cowym U\u017cytkownika Serwisu i\u00a0wykorzystywane mog\u0105 by\u0107 r\u00f3wnie\u017c przez\u00a0wsp\u00f3\u0142pracuj\u0105cych z\u00a0operatorem partner\u00f3w.<\/h2>\n\n\n\n<p>Wi\u0119cej informacji na\u00a0temat plik\u00f3w cookies dost\u0119pnych jest w\u00a0sekcji \u201ePomoc\u201d w\u00a0menu przegl\u0105darki internetowej.<\/p>\n","protected":false},"excerpt":{"rendered":"<p>Pliki cookies (tzw. \u201eciasteczka\u201d) stanowi\u0105 dane informatyczne, w\u00a0szczeg\u00f3lno\u015bci pliki tekstowe, kt\u00f3re przechowywane s\u0105 w\u00a0urz\u0105dzeniu ko\u0144cowym U\u017cytkownika Serwisu i\u00a0przeznaczone s\u0105 do\u00a0korzystania ze\u00a0stron internetowych Serwisu. Cookies zazwyczaj zawieraj\u0105 nazw\u0119 strony internetowej, z\u00a0kt\u00f3rej\u00a0pochodz\u0105, czas przechowywania ich na\u00a0urz\u0105dzeniu ko\u0144cowym oraz\u00a0unikalny numer. Podmiotem zamieszczaj\u0105cym na\u00a0urz\u0105dzeniu ko\u0144cowym U\u017cytkownika Serwisu pliki cookies oraz\u00a0uzyskuj\u0105cym do\u00a0nich dost\u0119p jest operator Polska Prowincja Zakonu Kaznodziejskiego (OO. [&hellip;]<\/p>\n","protected":false},"author":2,"featured_media":0,"parent":0,"menu_order":0,"comment_status":"closed","ping_status":"open","template":"","meta":{"footnotes":""},"class_list":["post-3","page","type-page","status-publish","hentry","entry"],"_links":{"self":[{"href":"https:\/\/olsztyn.szkolawiary.dominikanie.pl\/index.php\/wp-json\/wp\/v2\/pages\/3","targetHints":{"allow":["GET"]}}],"collection":[{"href":"https:\/\/olsztyn.szkolawiary.dominikanie.pl\/index.php\/wp-json\/wp\/v2\/pages"}],"about":[{"href":"https:\/\/olsztyn.szkolawiary.dominikanie.pl\/index.php\/wp-json\/wp\/v2\/types\/page"}],"author":[{"embeddable":true,"href":"https:\/\/olsztyn.szkolawiary.dominikanie.pl\/index.php\/wp-json\/wp\/v2\/users\/2"}],"replies":[{"embeddable":true,"href":"https:\/\/olsztyn.szkolawiary.dominikanie.pl\/index.php\/wp-json\/wp\/v2\/comments?post=3"}],"version-history":[{"count":1,"href":"https:\/\/olsztyn.szkolawiary.dominikanie.pl\/index.php\/wp-json\/wp\/v2\/pages\/3\/revisions"}],"predecessor-version":[{"id":46,"href":"https:\/\/olsztyn.szkolawiary.dominikanie.pl\/index.php\/wp-json\/wp\/v2\/pages\/3\/revisions\/46"}],"wp:attachment":[{"href":"https:\/\/olsztyn.szkolawiary.dominikanie.pl\/index.php\/wp-json\/wp\/v2\/media?parent=3"}],"curies":[{"name":"wp","href":"https:\/\/api.w.org\/{rel}","templated":true}]}}